{"id":1027,"date":"2014-04-05T14:04:45","date_gmt":"2014-04-05T13:04:45","guid":{"rendered":"https:\/\/neoeng.com\/?page_id=1027"},"modified":"2024-03-27T11:26:42","modified_gmt":"2024-03-27T10:26:42","slug":"legal-notice","status":"publish","type":"page","link":"https:\/\/neoeng.com\/en\/legal-notice\/","title":{"rendered":"Legal notices"},"content":{"rendered":"<div  class='flex_column av-1jete0-c4fa9e5759809777ca7d854f55de23b1 av_one_fourth  avia-builder-el-0  el_before_av_one_fourth  avia-builder-el-first  first flex_column_div  '     ><section  class='av_textblock_section av-1esoog-940acbad93d1bb35928a85854f3ecbba '   itemscope=\"itemscope\" itemtype=\"https:\/\/schema.org\/CreativeWork\" ><div class='avia_textblock'  itemprop=\"text\" ><h4>Propri\u00e9taire du Site<\/h4>\n<p>NEO Engineering<br \/>\n34 avenue des Colonnes<br \/>\nF-13008 Marseille<br \/>\nSIRET :\u00a0500 316 005 00023<\/p>\n<p>T\u00e9l. : +33 (0)4 91 71 35 82<\/p>\n<h4>Directeur de Publication<\/h4>\n<p>Laurent PAILHES<\/p>\n<h4>Marque<\/h4>\n<p style=\"text-align: justify;\">La marque NEO Engineering est une marque d\u00e9pos\u00e9e. Toute reproduction totale ou partielle de cette marque sans autorisation expresse de NEO Engineering est donc prohib\u00e9e.<\/p>\n<\/div><\/section><\/div>\n\n<style type=\"text\/css\" data-created_by=\"avia_inline_auto\" id=\"style-css-av-1ayreg-947b62f37b51109a98cd27ff596ca8aa\">\n.flex_column.av-1ayreg-947b62f37b51109a98cd27ff596ca8aa{\nborder-radius:0px 0px 0px 0px;\npadding:0px 0px 0px 0px;\n}\n<\/style>\n<div  class='flex_column av-1ayreg-947b62f37b51109a98cd27ff596ca8aa av_one_fourth  avia-builder-el-2  el_after_av_one_fourth  el_before_av_one_half  flex_column_div av-zero-column-padding  '     ><section  class='av_textblock_section av-11houo-66cfbd0223a243c4acb912f938b87e79 '   itemscope=\"itemscope\" itemtype=\"https:\/\/schema.org\/CreativeWork\" ><div class='avia_textblock'  itemprop=\"text\" ><h4>Site R\u00e9alis\u00e9 par<\/h4>\n<p><a href=\"http:\/\/winsiders.fr\" target=\"_blank\" rel=\"noopener\">Winsiders<\/a><br \/>\n2 rue Odette Jasse, 13015 Marseille<br \/>\n04 91 82 27 91\u00a0&#8211; <a href=\"http:\/\/winsiders.fr\" target=\"_blank\" rel=\"noopener\">winsiders.fr<\/a><\/p>\n<h4>H\u00e9bergeur<\/h4>\n<p><a href=\"http:\/\/www.phpnet.org\/\" target=\"_blank\" rel=\"noopener\">PHPnet<\/a><br \/>\n3 rue des Pins<br \/>\n38000 GRENOBLE<br \/>\nT\u00e9l : 04 82 53 02 10<br \/>\nsupport@phpnet.org<\/p>\n<\/div><\/section><\/div>\n\n<style type=\"text\/css\" data-created_by=\"avia_inline_auto\" id=\"style-css-av-zbjkw-47bf18c795d99420716696126df7700e\">\n.flex_column.av-zbjkw-47bf18c795d99420716696126df7700e{\nborder-radius:0px 0px 0px 0px;\npadding:0px 0px 0px 0px;\n}\n<\/style>\n<div  class='flex_column av-zbjkw-47bf18c795d99420716696126df7700e av_one_half  avia-builder-el-4  el_after_av_one_fourth  el_before_av_one_full  flex_column_div av-zero-column-padding  '     ><section  class='av_textblock_section av-rojw0-31c216cddfea5234507ef412d7ac6277 '   itemscope=\"itemscope\" itemtype=\"https:\/\/schema.org\/CreativeWork\" ><div class='avia_textblock'  itemprop=\"text\" ><h4>Protection des donn\u00e9es personnelles<\/h4>\n<p style=\"text-align: justify;\">NEO Engineering s&#8217;engage \u00e0 pr\u00e9server la confidentialit\u00e9 des informations \u00e9ventuellement fournies en ligne par l&#8217;internaute.<\/p>\n<\/div><\/section><br \/>\n<section  class='av_textblock_section av-7t6sw-5d582e6a40ada24ae113ff26a18fb88f '   itemscope=\"itemscope\" itemtype=\"https:\/\/schema.org\/CreativeWork\" ><div class='avia_textblock'  itemprop=\"text\" ><h4><span style=\"font-size: 1em; line-height: 1.5em;\">Droits d&#8217;Auteur et R\u00e8glement d&#8217;Utilisation<\/span><\/h4>\n<p style=\"text-align: justify;\">Le site internet www.neoeng.com rel\u00e8ve du principe de la protection du Droit d&#8217;Auteur, pos\u00e9 par l&#8217;article L.111-1 du Code de la Propri\u00e9t\u00e9 Intellectuelle. Il est la propri\u00e9t\u00e9 exclusive de la soci\u00e9t\u00e9 NEO Engineering.<br \/>\nLa totalit\u00e9 de son contenu &#8211; textes, logos, scripts, images, ic\u00f4nes&#8230; &#8211; est donc prot\u00e9g\u00e9e. Aucune copie, reproduction, diffusion, modification, transmission (par t\u00e9l\u00e9chargement, email, ou tout autre support de communication) m\u00eame partielle (autre que celle pr\u00e9vue \u00e0 l&#8217;article L 122-5 du CPI*) de ce contenu ne peut \u00eatre faite sans l&#8217;autorisation expresse de la soci\u00e9t\u00e9 NEO Engineering.<br \/>\nToutes les photos du site www.neoeng.com sont prot\u00e9g\u00e9es par un copyright, elles ne pourront \u00eatre utilis\u00e9es sans l&#8217;autorisation de la soci\u00e9t\u00e9 NEO Engineering. En naviguant sur ce site, l&#8217;internaute s&#8217;engage \u00e0 ne pas en perturber le bon fonctionnement par des actes malveillants \u00e0 l&#8217;encontre dudit site ou de l&#8217;\u00e9diteur (tels que l&#8217;usurpation d&#8217;identit\u00e9, d&#8217;adresse ou la manipulation des identifiants \u00e9lectroniques).<br \/>\nLes informations publi\u00e9es sur ce site n&#8217;ont pas de caract\u00e8re contractuel. La responsabilit\u00e9 de la soci\u00e9t\u00e9 NEO Engineering ne pourra \u00eatre engag\u00e9e en cas d&#8217;inexactitude ou d&#8217;omission.<\/p>\n<\/div><\/section><\/p><\/div>\n<div  class='flex_column av-d3ots-e5639b93ff326742d8c6a055196bab84 av_one_full  avia-builder-el-7  el_after_av_one_half  avia-builder-el-last  first flex_column_div  column-top-margin'     ><section  class='av_textblock_section av-kbjctk37-509f1df8bb83f3b4bc88e8c0a8d488dd '   itemscope=\"itemscope\" itemtype=\"https:\/\/schema.org\/CreativeWork\" ><div class='avia_textblock'  itemprop=\"text\" ><h4>Les cookies essentiels au bon fonctionnement du site<\/h4>\n<p>Ces cookies sont absolument n\u00e9cessaires pour vous fournir les services disponibles sur notre site Web et pour utiliser certaines de ses fonctionnalit\u00e9s.<br \/>\n\u00c9tant donn\u00e9 que ces cookies sont absolument n\u00e9cessaires pour fournir le site Web, leur refus aura un impact sur le fonctionnement de notre site. Vous pouvez toujours bloquer ou supprimer les cookies en modifiant les param\u00e8tres de votre navigateur et en for\u00e7ant le blocage de tous les cookies sur ce site. Mais cela vous invitera toujours \u00e0 accepter \/ refuser les cookies lorsque vous revisitez notre site.<br \/>\nNous respectons pleinement si vous souhaitez refuser les cookies mais pour \u00e9viter de vous le demander \u00e0 chaque connexion \u00e0 notre site, veuillez nous autoriser \u00e0 stocker un cookie pour cela. Vous \u00eates libre de vous d\u00e9sinscrire \u00e0 tout moment ou d&#8217;opter pour d&#8217;autres cookies pour une meilleure exp\u00e9rience. Si vous refusez les cookies, nous supprimerons tous les cookies d\u00e9finis pour la navigation sur notre domaine (site).<br \/>\nNous vous fournissons une liste des cookies stock\u00e9s sur votre ordinateur relatif \u00e0 notre domaine (site), afin que vous puissiez v\u00e9rifier ce que nous avons stock\u00e9. Pour des raisons de s\u00e9curit\u00e9, nous ne sommes pas en mesure d&#8217;afficher ou de modifier les cookies d&#8217;autres domaines. Vous pouvez les v\u00e9rifier dans les param\u00e8tres de s\u00e9curit\u00e9 de votre navigateur.<br \/>\n<div class=\"av-switch-aviaPrivacyRefuseCookiesHideBar av-toggle-switch av-cookie-disable-external-toggle av-cookie-save-checked av-cookie-default-checked av-cookie-sc-disabled\"><label><input type=\"checkbox\" checked=\"checked\" id=\"aviaPrivacyRefuseCookiesHideBar\" class=\"aviaPrivacyRefuseCookiesHideBar \" name=\"aviaPrivacyRefuseCookiesHideBar\" disabled=\"disabled\"><span class=\"toggle-track\"><\/span><span class=\"toggle-label-content\">Cochez cette case pour activer le masquage permanent de la barre des messages et refuser tous les cookies si vous ne les activez pas. Nous avons besoin de 2 cookies pour stocker ce param\u00e8tre. Sinon, vous serez de nouveau invit\u00e9 \u00e0 ouvrir une nouvelle fen\u00eatre de navigateur ou un nouvel onglet.<\/span><\/label><p><strong>Please enable cookie consent messages in backend to use this feature.<\/strong><\/p><\/div><br \/>\n<div class=\"av-switch-aviaPrivacyEssentialCookiesEnabled av-toggle-switch av-cookie-disable-external-toggle av-cookie-save-checked av-cookie-default-checked av-cookie-sc-disabled\"><label><input type=\"checkbox\" checked=\"checked\" id=\"aviaPrivacyEssentialCookiesEnabled\" class=\"aviaPrivacyEssentialCookiesEnabled \" name=\"aviaPrivacyEssentialCookiesEnabled\" disabled=\"disabled\"><span class=\"toggle-track\"><\/span><span class=\"toggle-label-content\">Cliquez pour activer \/ d\u00e9sactiver les cookies essentiels du site.<\/span><\/label><p><strong>Please enable cookie consent messages in backend to use this feature.<\/strong><\/p><\/div><\/p>\n<h4>Cookies Google Analytics<\/h4>\n<p>Ces cookies collectent des informations qui sont utilis\u00e9es sous forme agr\u00e9g\u00e9e pour nous aider \u00e0 comprendre comment notre site Web est utilis\u00e9 ou \u00e0 quel point nos campagnes de marketing sont efficaces, ou pour nous aider \u00e0 personnaliser notre site Web et notre application pour vous afin d&#8217;am\u00e9liorer votre exp\u00e9rience.<br \/>\nSi vous ne souhaitez pas que nous traquions votre visiteur sur notre site, vous pouvez d\u00e9sactiver le suivi dans votre navigateur ici :<br \/>\n<div data-disabled_by_browser=\"Please enable this feature in your browser settings and reload the page.\" class=\"av-switch-aviaPrivacyGoogleTrackingDisabled av-toggle-switch av-cookie-disable-external-toggle av-cookie-save-unchecked av-cookie-default-checked av-cookie-sc-disabled\"><label><input type=\"checkbox\" checked=\"checked\" id=\"aviaPrivacyGoogleTrackingDisabled\" class=\"aviaPrivacyGoogleTrackingDisabled \" name=\"aviaPrivacyGoogleTrackingDisabled\" disabled=\"disabled\"><span class=\"toggle-track\"><\/span><span class=\"toggle-label-content\">Cliquez pour activer \/ d\u00e9sactiver le suivi Google Analytics.<\/span><\/label><p><strong>Please enable cookie consent messages in backend to use this feature.<\/strong><\/p><\/div><\/p>\n<h4>Autres services externes<\/h4>\n<p>Nous utilisons \u00e9galement diff\u00e9rents services externes tels que Google Webfonts, Google Maps et des fournisseurs de vid\u00e9os externes. \u00c9tant donn\u00e9 que ces fournisseurs peuvent collecter des donn\u00e9es personnelles comme votre adresse IP, nous vous autorisons \u00e0 les bloquer ici. Veuillez noter que cela pourrait r\u00e9duire consid\u00e9rablement les fonctionnalit\u00e9s et l&#8217;apparence de notre site. Les modifications prendront effet une fois que vous aurez recharg\u00e9 la page.<br \/>\nParam\u00e8tres Google Webfont :<br \/>\n<div class=\"av-switch-aviaPrivacyGoogleWebfontsDisabled av-toggle-switch av-cookie-disable-external-toggle av-cookie-save-unchecked av-cookie-default-checked av-cookie-sc-disabled\"><label><input type=\"checkbox\" checked=\"checked\" id=\"aviaPrivacyGoogleWebfontsDisabled\" class=\"aviaPrivacyGoogleWebfontsDisabled \" name=\"aviaPrivacyGoogleWebfontsDisabled\" disabled=\"disabled\"><span class=\"toggle-track\"><\/span><span class=\"toggle-label-content\">Activer \/ D\u00e9sactiver Google Webfonts<\/span><\/label><p><strong>Please enable cookie consent messages in backend to use this feature.<\/strong><\/p><\/div><br \/>\nParam\u00e8tres Google Map :<br \/>\n<div class=\"av-switch-aviaPrivacyGoogleMapsDisabled av-toggle-switch av-cookie-disable-external-toggle av-cookie-save-unchecked av-cookie-default-checked av-cookie-sc-disabled\"><label><input type=\"checkbox\" checked=\"checked\" id=\"aviaPrivacyGoogleMapsDisabled\" class=\"aviaPrivacyGoogleMapsDisabled \" name=\"aviaPrivacyGoogleMapsDisabled\" disabled=\"disabled\"><span class=\"toggle-track\"><\/span><span class=\"toggle-label-content\">Activer \/ D\u00e9sactiver Google Maps<\/span><\/label><p><strong>Please enable cookie consent messages in backend to use this feature.<\/strong><\/p><\/div><br \/>\nParam\u00e8tres Google reCaptcha :<br \/>\n<div class=\"av-switch-aviaPrivacyGoogleReCaptchaDisabled av-toggle-switch av-cookie-disable-external-toggle av-cookie-save-unchecked av-cookie-default-checked av-cookie-sc-disabled\"><label><input type=\"checkbox\" checked=\"checked\" id=\"aviaPrivacyGoogleReCaptchaDisabled\" class=\"aviaPrivacyGoogleReCaptchaDisabled \" name=\"aviaPrivacyGoogleReCaptchaDisabled\" disabled=\"disabled\"><span class=\"toggle-track\"><\/span><span class=\"toggle-label-content\">Activer \/ D\u00e9sactiver Google ReCaptcha<\/span><\/label><p><strong>Please enable cookie consent messages in backend to use this feature.<\/strong><\/p><\/div><br \/>\nParam\u00e8tres Vimeo and Youtube video int\u00e9gr\u00e9es :<br \/>\n<div class=\"av-switch-aviaPrivacyVideoEmbedsDisabled av-toggle-switch av-cookie-disable-external-toggle av-cookie-save-unchecked av-cookie-default-checked av-cookie-sc-disabled\"><label><input type=\"checkbox\" checked=\"checked\" id=\"aviaPrivacyVideoEmbedsDisabled\" class=\"aviaPrivacyVideoEmbedsDisabled \" name=\"aviaPrivacyVideoEmbedsDisabled\" disabled=\"disabled\"><span class=\"toggle-track\"><\/span><span class=\"toggle-label-content\">Activer \/ D\u00e9sactiver les vid\u00e9os int\u00e9gr\u00e9es<\/span><\/label><p><strong>Please enable cookie consent messages in backend to use this feature.<\/strong><\/p><\/div><\/p>\n<h3>Protection des formulaires par reCaptcha de Google.<\/h3>\n<ul>\n<li><a href=\"https:\/\/policies.google.com\/privacy?hl=fr\" target=\"_blank\" rel=\"noopener noreferrer\">R\u00e8gles de confidentialit\u00e9<\/a><\/li>\n<li><a href=\"https:\/\/policies.google.com\/terms?hl=fr\" target=\"_blank\" rel=\"noopener noreferrer\">Conditions d\u2019utilisation<\/a><\/li>\n<\/ul>\n<\/div><\/section><\/div>\n","protected":false},"excerpt":{"rendered":"","protected":false},"author":1,"featured_media":0,"parent":0,"menu_order":0,"comment_status":"closed","ping_status":"open","template":"","meta":{"footnotes":""},"class_list":["post-1027","page","type-page","status-publish","hentry"],"yoast_head":"<!-- This site is optimized with the Yoast SEO plugin v27.0 - https:\/\/yoast.com\/product\/yoast-seo-wordpress\/ -->\n<title>Legal notices<\/title>\n<meta name=\"robots\" content=\"index, follow, max-snippet:-1, max-image-preview:large, max-video-preview:-1\" \/>\n<link rel=\"canonical\" href=\"https:\/\/neoeng.com\/en\/legal-notice\/\" \/>\n<meta property=\"og:locale\" content=\"en_US\" \/>\n<meta property=\"og:type\" content=\"article\" \/>\n<meta property=\"og:title\" content=\"Legal notices\" \/>\n<meta property=\"og:url\" content=\"https:\/\/neoeng.com\/en\/legal-notice\/\" \/>\n<meta property=\"og:site_name\" content=\"NEO Engineering - Consulting in restaurant creation, organization and development\" \/>\n<meta property=\"article:publisher\" content=\"https:\/\/www.facebook.com\/neoengineering\" \/>\n<meta property=\"article:modified_time\" content=\"2024-03-27T10:26:42+00:00\" \/>\n<meta property=\"og:image\" content=\"https:\/\/neoeng.com\/wp-content\/uploads\/2014\/02\/neo_carre_bd1.jpg\" \/>\n\t<meta property=\"og:image:width\" content=\"201\" \/>\n\t<meta property=\"og:image:height\" content=\"189\" \/>\n\t<meta property=\"og:image:type\" content=\"image\/jpeg\" \/>\n<meta name=\"twitter:label1\" content=\"Est. reading time\" \/>\n\t<meta name=\"twitter:data1\" content=\"5 minutes\" \/>\n<script type=\"application\/ld+json\" class=\"yoast-schema-graph\">{\"@context\":\"https:\/\/schema.org\",\"@graph\":[{\"@type\":\"WebPage\",\"@id\":\"https:\/\/neoeng.com\/en\/legal-notice\/\",\"url\":\"https:\/\/neoeng.com\/en\/legal-notice\/\",\"name\":\"Legal notices\",\"isPartOf\":{\"@id\":\"https:\/\/neoeng.com\/en\/#website\"},\"datePublished\":\"2014-04-05T13:04:45+00:00\",\"dateModified\":\"2024-03-27T10:26:42+00:00\",\"breadcrumb\":{\"@id\":\"https:\/\/neoeng.com\/en\/legal-notice\/#breadcrumb\"},\"inLanguage\":\"en-US\",\"potentialAction\":[{\"@type\":\"ReadAction\",\"target\":[\"https:\/\/neoeng.com\/en\/legal-notice\/\"]}]},{\"@type\":\"BreadcrumbList\",\"@id\":\"https:\/\/neoeng.com\/en\/legal-notice\/#breadcrumb\",\"itemListElement\":[{\"@type\":\"ListItem\",\"position\":1,\"name\":\"Accueil\",\"item\":\"https:\/\/neoeng.com\/en\/\"},{\"@type\":\"ListItem\",\"position\":2,\"name\":\"Legal notices\"}]},{\"@type\":\"WebSite\",\"@id\":\"https:\/\/neoeng.com\/en\/#website\",\"url\":\"https:\/\/neoeng.com\/en\/\",\"name\":\"NEO Engineering - Consulting in restaurant creation, organization and development\",\"description\":\"NEO Engineering -  Consulting in restaurant creation, organization and development\",\"potentialAction\":[{\"@type\":\"SearchAction\",\"target\":{\"@type\":\"EntryPoint\",\"urlTemplate\":\"https:\/\/neoeng.com\/en\/?s={search_term_string}\"},\"query-input\":{\"@type\":\"PropertyValueSpecification\",\"valueRequired\":true,\"valueName\":\"search_term_string\"}}],\"inLanguage\":\"en-US\"}]}<\/script>\n<!-- \/ Yoast SEO plugin. -->","yoast_head_json":{"title":"Legal notices","robots":{"index":"index","follow":"follow","max-snippet":"max-snippet:-1","max-image-preview":"max-image-preview:large","max-video-preview":"max-video-preview:-1"},"canonical":"https:\/\/neoeng.com\/en\/legal-notice\/","og_locale":"en_US","og_type":"article","og_title":"Legal notices","og_url":"https:\/\/neoeng.com\/en\/legal-notice\/","og_site_name":"NEO Engineering - Consulting in restaurant creation, organization and development","article_publisher":"https:\/\/www.facebook.com\/neoengineering","article_modified_time":"2024-03-27T10:26:42+00:00","og_image":[{"width":201,"height":189,"url":"https:\/\/neoeng.com\/wp-content\/uploads\/2014\/02\/neo_carre_bd1.jpg","type":"image\/jpeg"}],"twitter_misc":{"Est. reading time":"5 minutes"},"schema":{"@context":"https:\/\/schema.org","@graph":[{"@type":"WebPage","@id":"https:\/\/neoeng.com\/en\/legal-notice\/","url":"https:\/\/neoeng.com\/en\/legal-notice\/","name":"Legal notices","isPartOf":{"@id":"https:\/\/neoeng.com\/en\/#website"},"datePublished":"2014-04-05T13:04:45+00:00","dateModified":"2024-03-27T10:26:42+00:00","breadcrumb":{"@id":"https:\/\/neoeng.com\/en\/legal-notice\/#breadcrumb"},"inLanguage":"en-US","potentialAction":[{"@type":"ReadAction","target":["https:\/\/neoeng.com\/en\/legal-notice\/"]}]},{"@type":"BreadcrumbList","@id":"https:\/\/neoeng.com\/en\/legal-notice\/#breadcrumb","itemListElement":[{"@type":"ListItem","position":1,"name":"Accueil","item":"https:\/\/neoeng.com\/en\/"},{"@type":"ListItem","position":2,"name":"Legal notices"}]},{"@type":"WebSite","@id":"https:\/\/neoeng.com\/en\/#website","url":"https:\/\/neoeng.com\/en\/","name":"NEO Engineering - Consulting in restaurant creation, organization and development","description":"NEO Engineering -  Consulting in restaurant creation, organization and development","potentialAction":[{"@type":"SearchAction","target":{"@type":"EntryPoint","urlTemplate":"https:\/\/neoeng.com\/en\/?s={search_term_string}"},"query-input":{"@type":"PropertyValueSpecification","valueRequired":true,"valueName":"search_term_string"}}],"inLanguage":"en-US"}]}},"_links":{"self":[{"href":"https:\/\/neoeng.com\/en\/wp-json\/wp\/v2\/pages\/1027","targetHints":{"allow":["GET"]}}],"collection":[{"href":"https:\/\/neoeng.com\/en\/wp-json\/wp\/v2\/pages"}],"about":[{"href":"https:\/\/neoeng.com\/en\/wp-json\/wp\/v2\/types\/page"}],"author":[{"embeddable":true,"href":"https:\/\/neoeng.com\/en\/wp-json\/wp\/v2\/users\/1"}],"replies":[{"embeddable":true,"href":"https:\/\/neoeng.com\/en\/wp-json\/wp\/v2\/comments?post=1027"}],"version-history":[{"count":0,"href":"https:\/\/neoeng.com\/en\/wp-json\/wp\/v2\/pages\/1027\/revisions"}],"wp:attachment":[{"href":"https:\/\/neoeng.com\/en\/wp-json\/wp\/v2\/media?parent=1027"}],"curies":[{"name":"wp","href":"https:\/\/api.w.org\/{rel}","templated":true}]}}